{"id":42,"date":"2022-08-01T09:51:25","date_gmt":"2022-08-01T14:51:25","guid":{"rendered":"https:\/\/unmsm.online\/helpaula\/?page_id=42"},"modified":"2026-03-02T14:47:48","modified_gmt":"2026-03-02T19:47:48","slug":"creacion-de-tickets","status":"publish","type":"page","link":"https:\/\/unmsm.online\/helpaula\/creacion-de-tickets\/","title":{"rendered":"Creaci\u00f3n de Tickets"},"content":{"rendered":"\n<div class=\"theme-font\" style=\"max-width: 800px;float: left;margin-bottom: 20px;\"><strong>Atenci\u00f3n:<\/strong> Este sistema atiende \u00fanicamente solicitudes de Pregrado.<br>Las solicitudes correspondientes a programas de <mark style=\"background: #ff0 !important;\">Posgrado (Maestr\u00eda, Doctorado, Residentado \u2013 Segunda Especialidad y Educaci\u00f3n Continua)<\/mark> deber\u00e1n canalizarse exclusivamente a trav\u00e9s del correo electr\u00f3nico: <strong>aulavposgrado.fmh@unmsm.edu.pe<\/strong><\/div>\n\n\n\t\t\t<div id=\"wpsc-container\" style=\"display:none;\">\n\t\t\t\t<div class=\"wpsc-shortcode-container\" style=\"border: none !important;\">\n\t\t\t\t\t\t\t\t\t\t\t<div class=\"wpsc-body\"><\/div>\n\t\t\t\t\t\t\n\t\t\t\t<\/div>\n\t\t\t<\/div>\n\t\t\t\n\t\t\t<div class=\"wpsc-page-snippets\" style=\"display: none;\">\n\t\t\t\t<div class=\"wpsc-editor-attachment upload-waiting\">\n\t\t\t\t\t<div class=\"attachment-label\"><\/div>\n\t\t\t\t\t<div class=\"attachment-remove\" onclick=\"wpsc_remove_attachment(this)\">\n\t\t\t\t\t<svg aria-hidden=\"true\" class=\"svg-inline--fa fa-times fa-w-11\" role=\"img\" xmlns=\"http:\/\/www.w3.org\/2000\/svg\" viewBox=\"0 0 352 512\"><path fill=\"currentColor\" d=\"M242.72 256l100.07-100.07c12.28-12.28 12.28-32.19 0-44.48l-22.24-22.24c-12.28-12.28-32.19-12.28-44.48 0L176 189.28 75.93 89.21c-12.28-12.28-32.19-12.28-44.48 0L9.21 111.45c-12.28 12.28-12.28 32.19 0 44.48L109.28 256 9.21 356.07c-12.28 12.28-12.28 32.19 0 44.48l22.24 22.24c12.28 12.28 32.2 12.28 44.48 0L176 322.72l100.07 100.07c12.28 12.28 32.2 12.28 44.48 0l22.24-22.24c12.28-12.28 12.28-32.19 0-44.48L242.72 256z\"><\/path><\/svg>\t\t\t\t\t<\/div>\n\t\t\t\t\t<div class=\"attachment-waiting\"><\/div>\n\t\t\t\t<\/div>\n\t\t\t<\/div>\n\t\t\t\n\t\t\t<script type=\"text\/javascript\">\n\t\t\t\t\/**\n\t\t\t\t * Get create ticket form\n\t\t\t\t *\/\n\t\t\t\tfunction wpsc_get_ticket_form() {\n\n\t\t\t\t\tif (wpsc_is_description_text()) {\n\t\t\t\t\t\tif ( confirm(supportcandy.translations.warning_message)) {\n\t\t\t\t\t\t\tcurrent_ticket = jQuery('#wpsc-current-ticket').val();\n\t\t\t\t\t\t\twpsc_clear_saved_draft_reply( current_ticket );\n\t\t\t\t\t\t}else{\n\t\t\t\t\t\t\treturn;\n\t\t\t\t\t\t}\n\t\t\t\t\t}\n\n\t\t\t\t\tjQuery('.wpsc-body').html(supportcandy.loader_html);\n\n\t\t\t\t\tif (supportcandy.is_reload != 1) {\n\t\t\t\t\t\twpsc_scroll_top();\n\t\t\t\t\t} else { supportcandy.is_reload = 0 }\n\n\t\t\t\t\tvar url = new URL(window.location.href);\n\t\t\t\t\tvar search_params = url.searchParams;\n\n\t\t\t\t\tvar data = {\n\t\t\t\t\t\taction: 'wpsc_get_ticket_form',\n\t\t\t\t\t\t_ajax_nonce: supportcandy.nonce\n\t\t\t\t\t};\n\t\t\t\t\tsearch_params.forEach(function(value, key) {\n\t\t\t\t\t\tdata[key] = value;\n\t\t\t\t\t});\n\t\t\t\t\tjQuery.post(supportcandy.ajax_url, data, function (response) {\n\t\t\t\t\t\tjQuery('.wpsc-body').html(response);\n\t\t\t\t\t\twpsc_reset_responsive_style();\n\t\t\t\t\t});\n\t\t\t\t}\n\n\t\t\t\t\/**\n\t\t\t\t * Get individual ticket\n\t\t\t\t *\/\n\t\t\t\tfunction wpsc_get_individual_ticket(id) {\n\n\t\t\t\t\tjQuery('.wpsc-tickets-nav, .wpsc-humbargar-menu-item').removeClass('active');\n\t\t\t\t\tjQuery('.wpsc-tickets-nav.ticket-list, .wpsc-humbargar-menu-item.ticket-list').addClass('active');\n\t\t\t\t\tjQuery('.wpsc-humbargar-title').html(supportcandy.humbargar_titles.ticket_list);\n\n\t\t\t\t\t\/\/ set url\n\t\t\t\t\tvar url = new URL(window.location.href);\n\t\t\t\t\tvar search_params = url.searchParams;\n\t\t\t\t\tsearch_params.set('wpsc-section', 'ticket-list');\n\t\t\t\t\tsearch_params.set('ticket-id', id);\n\t\t\t\t\turl.search = search_params.toString();\n\t\t\t\t\twindow.history.replaceState({}, null, url.toString());\n\n\t\t\t\t\tjQuery('.wpsc-body').html(supportcandy.loader_html);\n\n\t\t\t\t\t\/\/ set flag to differenciate between ticket list and individual ticket\n\t\t\t\t\tsupportcandy.ticketListIsIndividual = true;\n\n\t\t\t\t\tvar data = {\n\t\t\t\t\t\taction: 'wpsc_get_individual_ticket',\n\t\t\t\t\t\tticket_id: id,\n\t\t\t\t\t};\n\t\t\t\t\tsearch_params.forEach(function(value, key) {\n\t\t\t\t\t\tdata[key] = value;\n\t\t\t\t\t});\n\t\t\t\t\tjQuery.post(supportcandy.ajax_url, data, function (response) {\n\t\t\t\t\tjQuery('.wpsc-body').html(response);\n\t\t\t\t\twpsc_reset_responsive_style();\n\t\t\t\t\t});\n\t\t\t\t}\n\t\t\t<\/script>\n\t\t\t\n\n\n\n<p><\/p>\n","protected":false},"excerpt":{"rendered":"<p>Atenci\u00f3n: Este sistema atiende \u00fanicamente solicitudes de Pregrado.Las solicitudes correspondientes a programas de Posgrado (Maestr\u00eda, Doctorado, Residentado \u2013 Segunda Especialidad y Educaci\u00f3n Continua) deber\u00e1n canalizarse exclusivamente a trav\u00e9s del correo electr\u00f3nico: aulavposgrado.fmh@unmsm.edu.pe<\/p>\n","protected":false},"author":2,"featured_media":0,"parent":0,"menu_order":0,"comment_status":"closed","ping_status":"closed","template":"","meta":{"site-sidebar-layout":"default","site-content-layout":"default","ast-site-content-layout":"default","site-content-style":"default","site-sidebar-style":"default","ast-global-header-display":"","ast-banner-title-visibility":"","ast-main-header-display":"","ast-hfb-above-header-display":"","ast-hfb-below-header-display":"","ast-hfb-mobile-header-display":"","site-post-title":"","ast-breadcrumbs-content":"","ast-featured-img":"","footer-sml-layout":"","theme-transparent-header-meta":"","adv-header-id-meta":"","stick-header-meta":"","header-above-stick-meta":"","header-main-stick-meta":"","header-below-stick-meta":"","astra-migrate-meta-layouts":"set","ast-page-background-enabled":"default","ast-page-background-meta":{"desktop":{"background-color":"var(--ast-global-color-4)","background-image":"","background-repeat":"repeat","background-position":"center center","background-size":"auto","background-attachment":"scroll","background-type":"","background-media":"","overlay-type":"","overlay-color":"","overlay-opacity":"","overlay-gradient":""},"tablet":{"background-color":"","background-image":"","background-repeat":"repeat","background-position":"center center","background-size":"auto","background-attachment":"scroll","background-type":"","background-media":"","overlay-type":"","overlay-color":"","overlay-opacity":"","overlay-gradient":""},"mobile":{"background-color":"","background-image":"","background-repeat":"repeat","background-position":"center center","background-size":"auto","background-attachment":"scroll","background-type":"","background-media":"","overlay-type":"","overlay-color":"","overlay-opacity":"","overlay-gradient":""}},"ast-content-background-meta":{"desktop":{"background-color":"var(--ast-global-color-5)","background-image":"","background-repeat":"repeat","background-position":"center center","background-size":"auto","background-attachment":"scroll","background-type":"","background-media":"","overlay-type":"","overlay-color":"","overlay-opacity":"","overlay-gradient":""},"tablet":{"background-color":"var(--ast-global-color-5)","background-image":"","background-repeat":"repeat","background-position":"center center","background-size":"auto","background-attachment":"scroll","background-type":"","background-media":"","overlay-type":"","overlay-color":"","overlay-opacity":"","overlay-gradient":""},"mobile":{"background-color":"var(--ast-global-color-5)","background-image":"","background-repeat":"repeat","background-position":"center center","background-size":"auto","background-attachment":"scroll","background-type":"","background-media":"","overlay-type":"","overlay-color":"","overlay-opacity":"","overlay-gradient":""}},"footnotes":""},"class_list":["post-42","page","type-page","status-publish","hentry"],"_links":{"self":[{"href":"https:\/\/unmsm.online\/helpaula\/wp-json\/wp\/v2\/pages\/42","targetHints":{"allow":["GET"]}}],"collection":[{"href":"https:\/\/unmsm.online\/helpaula\/wp-json\/wp\/v2\/pages"}],"about":[{"href":"https:\/\/unmsm.online\/helpaula\/wp-json\/wp\/v2\/types\/page"}],"author":[{"embeddable":true,"href":"https:\/\/unmsm.online\/helpaula\/wp-json\/wp\/v2\/users\/2"}],"replies":[{"embeddable":true,"href":"https:\/\/unmsm.online\/helpaula\/wp-json\/wp\/v2\/comments?post=42"}],"version-history":[{"count":13,"href":"https:\/\/unmsm.online\/helpaula\/wp-json\/wp\/v2\/pages\/42\/revisions"}],"predecessor-version":[{"id":173,"href":"https:\/\/unmsm.online\/helpaula\/wp-json\/wp\/v2\/pages\/42\/revisions\/173"}],"wp:attachment":[{"href":"https:\/\/unmsm.online\/helpaula\/wp-json\/wp\/v2\/media?parent=42"}],"curies":[{"name":"wp","href":"https:\/\/api.w.org\/{rel}","templated":true}]}}